{"id":2757,"date":"2023-07-12T10:07:27","date_gmt":"2023-07-12T10:07:27","guid":{"rendered":"https:\/\/www.ganam.com\/tanzania\/"},"modified":"2024-02-01T18:12:19","modified_gmt":"2024-02-01T18:12:19","slug":"tanzanie","status":"publish","type":"page","link":"https:\/\/www.ganam.com\/fr\/tanzanie\/","title":{"rendered":"Tanzanie"},"content":{"rendered":"\t\t<div data-elementor-type=\"wp-page\" data-elementor-id=\"2757\" class=\"elementor elementor-2757 elementor-285\" data-elementor-post-type=\"page\">\n\t\t\t\t<div class=\"elementor-element elementor-element-6b13737 e-con-full e-flex e-con e-parent\" data-id=\"6b13737\" data-element_type=\"container\" data-e-type=\"container\" data-settings=\"{&quot;background_background&quot;:&quot;classic&quot;}\">\n\t\t\t\t<div class=\"elementor-element elementor-element-6ed1825 elementor-widget-divider--view-line elementor-widget elementor-widget-divider\" data-id=\"6ed1825\" data-element_type=\"widget\" data-e-type=\"widget\" data-widget_type=\"divider.default\">\n\t\t\t\t\t\t\t<div class=\"elementor-divider\">\n\t\t\t<span class=\"elementor-divider-separator\">\n\t\t\t\t\t\t<\/span>\n\t\t<\/div>\n\t\t\t\t\t\t<\/div>\n\t\t\t\t<\/div>\n\t\t<div class=\"elementor-element elementor-element-4118ce0 e-flex e-con-boxed e-con e-parent\" data-id=\"4118ce0\" data-element_type=\"container\" data-e-type=\"container\">\n\t\t\t\t\t<div class=\"e-con-inner\">\n\t\t\t\t<div class=\"elementor-element elementor-element-2cb29ca elementor-widget__width-initial animated-slow elementor-invisible elementor-widget elementor-widget-heading\" data-id=\"2cb29ca\" data-element_type=\"widget\" data-e-type=\"widget\" data-settings=\"{&quot;_animation&quot;:&quot;fadeIn&quot;}\" data-widget_type=\"heading.default\">\n\t\t\t\t\t<h1 class=\"elementor-heading-title elementor-size-default\">Tanzanie, <br>la terre des r\u00eaves<\/h1>\t\t\t\t<\/div>\n\t\t\t\t\t<\/div>\n\t\t\t\t<\/div>\n\t\t<div class=\"elementor-element elementor-element-4eac1eb e-flex e-con-boxed e-con e-parent\" data-id=\"4eac1eb\" data-element_type=\"container\" data-e-type=\"container\">\n\t\t\t\t\t<div class=\"e-con-inner\">\n\t\t<div class=\"elementor-element elementor-element-34d8959 e-con-full e-flex e-con e-child\" data-id=\"34d8959\" data-element_type=\"container\" data-e-type=\"container\">\n\t\t\t\t<div class=\"elementor-element elementor-element-d892b58 elementor-widget__width-initial animated-slow elementor-invisible elementor-widget elementor-widget-text-editor\" data-id=\"d892b58\" data-element_type=\"widget\" data-e-type=\"widget\" data-settings=\"{&quot;_animation&quot;:&quot;fadeIn&quot;,&quot;_animation_delay&quot;:200}\" data-widget_type=\"text-editor.default\">\n\t\t\t\t\t\t\t\t\t<p class=\"p1\">Les territoires que nous vous pr\u00e9sentons ici sont comme aucun autre propices au r\u00eave grandeur nature, aux exp\u00e9riences inoubliables et \u00e0 la libert\u00e9 des grands espaces.<\/p>\t\t\t\t\t\t\t\t<\/div>\n\t\t\t\t<div class=\"elementor-element elementor-element-e0b7e18 elementor-widget__width-initial animated-slow elementor-invisible elementor-widget elementor-widget-text-editor\" data-id=\"e0b7e18\" data-element_type=\"widget\" data-e-type=\"widget\" data-settings=\"{&quot;_animation&quot;:&quot;fadeIn&quot;,&quot;_animation_delay&quot;:200}\" data-widget_type=\"text-editor.default\">\n\t\t\t\t\t\t\t\t\t<p class=\"p1\">Ces territoires, qui totalisent presque 650 000 hectares, offrent une vari\u00e9t\u00e9 de biotopes et de paysages extraordinaire, pour une diversit\u00e9 d\u2019esp\u00e8ces animales repr\u00e9sent\u00e9es qui a peu d\u2019\u00e9quivalents \u00e0 travers la plan\u00e8te. Les visiter, y s\u00e9journer, c\u2019est explorer la plus pure et la plus sublime manifestation du monde sauvage.<\/p>\t\t\t\t\t\t\t\t<\/div>\n\t\t\t\t<\/div>\n\t\t\t\t\t<\/div>\n\t\t\t\t<\/div>\n\t\t\t\t<\/div>\n\t\t","protected":false},"excerpt":{"rendered":"<p>Tanzanie, la terre des r\u00eaves Les territoires que nous vous pr\u00e9sentons ici sont comme aucun autre propices au r\u00eave grandeur nature, aux exp\u00e9riences inoubliables et \u00e0 la libert\u00e9 des grands espaces. Ces territoires, qui totalisent presque 650 000 hectares, offrent une vari\u00e9t\u00e9 de biotopes et de paysages extraordinaire, pour une diversit\u00e9 d\u2019esp\u00e8ces animales repr\u00e9sent\u00e9es qui [&hellip;]<\/p>\n","protected":false},"author":1,"featured_media":0,"parent":0,"menu_order":0,"comment_status":"closed","ping_status":"closed","template":"elementor_header_footer","meta":{"footnotes":""},"class_list":["post-2757","page","type-page","status-publish","hentry"],"_links":{"self":[{"href":"https:\/\/www.ganam.com\/fr\/wp-json\/wp\/v2\/pages\/2757","targetHints":{"allow":["GET"]}}],"collection":[{"href":"https:\/\/www.ganam.com\/fr\/wp-json\/wp\/v2\/pages"}],"about":[{"href":"https:\/\/www.ganam.com\/fr\/wp-json\/wp\/v2\/types\/page"}],"author":[{"embeddable":true,"href":"https:\/\/www.ganam.com\/fr\/wp-json\/wp\/v2\/users\/1"}],"replies":[{"embeddable":true,"href":"https:\/\/www.ganam.com\/fr\/wp-json\/wp\/v2\/comments?post=2757"}],"version-history":[{"count":9,"href":"https:\/\/www.ganam.com\/fr\/wp-json\/wp\/v2\/pages\/2757\/revisions"}],"predecessor-version":[{"id":3119,"href":"https:\/\/www.ganam.com\/fr\/wp-json\/wp\/v2\/pages\/2757\/revisions\/3119"}],"wp:attachment":[{"href":"https:\/\/www.ganam.com\/fr\/wp-json\/wp\/v2\/media?parent=2757"}],"curies":[{"name":"wp","href":"https:\/\/api.w.org\/{rel}","templated":true}]}}