{"id":2754,"date":"2023-07-13T11:13:55","date_gmt":"2023-07-13T11:13:55","guid":{"rendered":"https:\/\/www.ganam.com\/moyowosi-south-game-reserve\/"},"modified":"2024-02-01T18:13:30","modified_gmt":"2024-02-01T18:13:30","slug":"moyowosi-south","status":"publish","type":"page","link":"https:\/\/www.ganam.com\/fr\/moyowosi-south\/","title":{"rendered":"Moyowosi South"},"content":{"rendered":"\t\t<div data-elementor-type=\"wp-page\" data-elementor-id=\"2754\" class=\"elementor elementor-2754 elementor-560\" data-elementor-post-type=\"page\">\n\t\t\t\t<div class=\"elementor-element elementor-element-1f8a277 e-con-full e-flex e-con e-parent\" data-id=\"1f8a277\" data-element_type=\"container\" data-e-type=\"container\" data-settings=\"{&quot;background_background&quot;:&quot;video&quot;,&quot;background_video_link&quot;:&quot;https:\\\/\\\/www.ganam.com\\\/wp-content\\\/uploads\\\/2023\\\/12\\\/Moyowosi_20s_NoMusic_1.mp4&quot;,&quot;background_play_on_mobile&quot;:&quot;yes&quot;}\">\n\t\t<div class=\"elementor-background-video-container\">\n\t\t\t\t\t\t\t<video class=\"elementor-background-video-hosted\" role=\"presentation\" autoplay muted playsinline loop><\/video>\n\t\t\t\t\t<\/div>\t\t<div class=\"elementor-element elementor-element-41ff147 elementor-widget-divider--view-line elementor-widget elementor-widget-divider\" data-id=\"41ff147\" data-element_type=\"widget\" data-e-type=\"widget\" data-widget_type=\"divider.default\">\n\t\t\t\t\t\t\t<div class=\"elementor-divider\">\n\t\t\t<span class=\"elementor-divider-separator\">\n\t\t\t\t\t\t<\/span>\n\t\t<\/div>\n\t\t\t\t\t\t<\/div>\n\t\t\t\t<\/div>\n\t\t<div class=\"elementor-element elementor-element-f68f9bf e-flex e-con-boxed e-con e-parent\" data-id=\"f68f9bf\" data-element_type=\"container\" data-e-type=\"container\">\n\t\t\t\t\t<div class=\"e-con-inner\">\n\t\t<div class=\"elementor-element elementor-element-9802652 e-con-full e-flex e-con e-child\" data-id=\"9802652\" data-element_type=\"container\" data-e-type=\"container\">\n\t\t\t\t<div class=\"elementor-element elementor-element-8ef15bc elementor-widget__width-initial animated-slow elementor-invisible elementor-widget elementor-widget-heading\" data-id=\"8ef15bc\" data-element_type=\"widget\" data-e-type=\"widget\" data-settings=\"{&quot;_animation&quot;:&quot;fadeIn&quot;}\" data-widget_type=\"heading.default\">\n\t\t\t\t\t<h1 class=\"elementor-heading-title elementor-size-default\">Moyowosi South\n<\/h1>\t\t\t\t<\/div>\n\t\t\t\t<\/div>\n\t\t\t\t\t<\/div>\n\t\t\t\t<\/div>\n\t\t<div class=\"elementor-element elementor-element-a637997 e-flex e-con-boxed e-con e-parent\" data-id=\"a637997\" data-element_type=\"container\" data-e-type=\"container\">\n\t\t\t\t\t<div class=\"e-con-inner\">\n\t\t<div class=\"elementor-element elementor-element-daecc5c e-flex e-con-boxed e-con e-child\" data-id=\"daecc5c\" data-element_type=\"container\" data-e-type=\"container\">\n\t\t\t\t\t<div class=\"e-con-inner\">\n\t\t<div class=\"elementor-element elementor-element-2dd0cca e-con-full e-flex e-con e-child\" data-id=\"2dd0cca\" data-element_type=\"container\" data-e-type=\"container\">\n\t\t\t\t<div class=\"elementor-element elementor-element-c92fca7 elementor-widget__width-initial animated-slow elementor-invisible elementor-widget elementor-widget-text-editor\" data-id=\"c92fca7\" data-element_type=\"widget\" data-e-type=\"widget\" data-settings=\"{&quot;_animation&quot;:&quot;fadeIn&quot;,&quot;_animation_delay&quot;:200}\" data-widget_type=\"text-editor.default\">\n\t\t\t\t\t\t\t\t\t<p class=\"p1\">Moyowosi South est situ\u00e9 dans le nord-ouest de la Tanzanie et touche un immense Parc National d\u2019un million d\u2019hectares bordant la rivi\u00e8re Malagarasi, affluent principal du Lac Tanganyika. La zone de chasse de Moyowosi South fait 307 000 hectares.<span class=\"Apple-converted-space\">\u00a0<\/span><\/p>\t\t\t\t\t\t\t\t<\/div>\n\t\t\t\t<div class=\"elementor-element elementor-element-a0ffe6f elementor-widget__width-initial animated-slow elementor-invisible elementor-widget elementor-widget-text-editor\" data-id=\"a0ffe6f\" data-element_type=\"widget\" data-e-type=\"widget\" data-settings=\"{&quot;_animation&quot;:&quot;fadeIn&quot;,&quot;_animation_delay&quot;:200}\" data-widget_type=\"text-editor.default\">\n\t\t\t\t\t\t\t\t\t<p class=\"p1\">Le territoire se compose de plaines inond\u00e9es, de savane arbustive, de for\u00eats de miombo et de mar\u00e9cages o\u00f9 l\u2019amoureux des oiseaux pourra contempler \u00e0 loisir un nombre consid\u00e9rable d\u2019esp\u00e8ces diff\u00e9rentes, et parfois rares, tel le fameux bec-en-sabot. Les mar\u00e9cages de Moyowosi South abritent \u00e9galement le tr\u00e8s rare sitatunga.<\/p>\t\t\t\t\t\t\t\t<\/div>\n\t\t\t\t<div class=\"elementor-element elementor-element-7bae7e6 elementor-widget__width-initial animated-slow elementor-invisible elementor-widget elementor-widget-text-editor\" data-id=\"7bae7e6\" data-element_type=\"widget\" data-e-type=\"widget\" data-settings=\"{&quot;_animation&quot;:&quot;fadeIn&quot;,&quot;_animation_delay&quot;:400}\" data-widget_type=\"text-editor.default\">\n\t\t\t\t\t\t\t\t\t<p class=\"p1\">L\u2019amateur de p\u00eache trouvera ici davantage que son bonheur, avec, notamment, le tr\u00e8s combatif et redoutable poisson-tigre qui peuple les eaux de la rivi\u00e8re Malagarasi.<\/p>\t\t\t\t\t\t\t\t<\/div>\n\t\t\t\t<div class=\"elementor-element elementor-element-cb52222 elementor-widget__width-inherit elementor-widget elementor-widget-heading\" data-id=\"cb52222\" data-element_type=\"widget\" data-e-type=\"widget\" data-widget_type=\"heading.default\">\n\t\t\t\t\t<h1 class=\"elementor-heading-title elementor-size-default\">Package 10 jours en Tanzanie<\/h1>\t\t\t\t<\/div>\n\t\t\t\t<\/div>\n\t\t\t\t\t<\/div>\n\t\t\t\t<\/div>\n\t\t\t\t\t<\/div>\n\t\t\t\t<\/div>\n\t\t<div class=\"elementor-element elementor-element-d746357 e-flex e-con-boxed e-con e-parent\" data-id=\"d746357\" data-element_type=\"container\" data-e-type=\"container\" data-settings=\"{&quot;background_background&quot;:&quot;classic&quot;}\">\n\t\t\t\t\t<div class=\"e-con-inner\">\n\t\t<div class=\"elementor-element elementor-element-b7e1228 e-flex e-con-boxed e-con e-child\" data-id=\"b7e1228\" data-element_type=\"container\" data-e-type=\"container\" data-settings=\"{&quot;background_background&quot;:&quot;classic&quot;}\">\n\t\t\t\t\t<div class=\"e-con-inner\">\n\t\t<div class=\"elementor-element elementor-element-b213226 e-flex e-con-boxed e-con e-child\" data-id=\"b213226\" data-element_type=\"container\" data-e-type=\"container\" data-settings=\"{&quot;background_background&quot;:&quot;classic&quot;}\">\n\t\t\t\t\t<div class=\"e-con-inner\">\n\t\t\t\t<div class=\"elementor-element elementor-element-d8f501b elementor-widget__width-initial elementor-widget elementor-widget-text-editor\" data-id=\"d8f501b\" data-element_type=\"widget\" data-e-type=\"widget\" data-widget_type=\"text-editor.default\">\n\t\t\t\t\t\t\t\t\t<p class=\"p1\">PRIX<\/p><p class=\"p1\">8.900\u20ac<br \/>Nous proposons \u00e9galement des safaris sur mesure sur simple demande.<\/p><p class=\"p1\">ITINERAIRE<\/p><p class=\"p1\">JOUR 1<br \/>Arriv\u00e9e du vol international \u00e0 l\u2019a\u00e9roport du Kilimandjaro.<span class=\"Apple-converted-space\">\u00a0<\/span>Accueil et transfert \u00e0 l\u2019h\u00f4tel.<\/p><p class=\"p1\">JOUR 2<br \/>Transfert matinal en avion charter priv\u00e9 vers la r\u00e9serve de Moyowosi South.<\/p><p class=\"p1\">JOURS 3 A 13<br \/>10 jours complets tout compris.<\/p><p class=\"p1\">JOUR 14<br \/>Transfert matinal en avion charter priv\u00e9 vers Moyowosi South ; rencontre et d\u00e9jeuner.<span class=\"Apple-converted-space\">\u00a0<\/span>D\u00e9part pour le vol international dans l\u2019apr\u00e8s-midi du m\u00eame jour.<\/p><p class=\"p1\">SAISON<br \/>Du 15 juin \u00e0 novembre.<\/p><p class=\"p1\">HEBERGEMENT<br \/>Tentes de luxe \u00e9quip\u00e9es d\u2019une salle de bain avec douche et toilettes.<span class=\"Apple-converted-space\">\u00a0<\/span>Cuisine internationale \u00e0 base de viande de gibier, bons d\u00eeners et pique-niques luxueux.<\/p>\t\t\t\t\t\t\t\t<\/div>\n\t\t\t\t\t<\/div>\n\t\t\t\t<\/div>\n\t\t<div class=\"elementor-element elementor-element-b80acba e-flex e-con-boxed e-con e-child\" data-id=\"b80acba\" data-element_type=\"container\" data-e-type=\"container\" data-settings=\"{&quot;background_background&quot;:&quot;classic&quot;}\">\n\t\t\t\t\t<div class=\"e-con-inner\">\n\t\t\t\t<div class=\"elementor-element elementor-element-665bee0 elementor-widget__width-initial elementor-widget elementor-widget-text-editor\" data-id=\"665bee0\" data-element_type=\"widget\" data-e-type=\"widget\" data-widget_type=\"text-editor.default\">\n\t\t\t\t\t\t\t\t\t<p class=\"p1\">LES TARIFS COMPRENNENT<\/p><ul><li class=\"p2\">Les services d\u2019une \u00e9quipe compl\u00e8te de guide, de traqueurs, de cuisiniers, de majordomes et d\u2019aides n\u00e9cessaires.<\/li><li class=\"p1\">Camp enti\u00e8rement \u00e9quip\u00e9 et avec WIFI.<\/li><li class=\"p1\">Fourniture de denr\u00e9es alimentaires s\u00e9lectionn\u00e9es, de fruits et l\u00e9gumes frais.<\/li><li class=\"p1\">Dans la mesure du possible, les besoins particuliers seront pris en compte, \u00e0 condition que nous en soyons inform\u00e9s \u00e0 l\u2019avance.<\/li><li class=\"p1\">Fourniture de boissons non alcoolis\u00e9es, d\u2019eau min\u00e9rale et de toutes les boissons alcoolis\u00e9es pour une consommation raisonnable.<\/li><li class=\"p1\">\u00a0Transport : un v\u00e9hicule de safari moderne 4&#215;4 par guide et les transports de charges n\u00e9cessaires pour l\u2019\u00e9quipement, les fournitures et le personnel.<\/li><li class=\"p1\">Un repr\u00e9sentant de la compagnie pour vous assister \u00e0 l\u2019arriv\u00e9e et au d\u00e9part.<\/li><\/ul><p class=\"p1\">NON INCLUS DANS LE PRIX<\/p><ul><li class=\"p1\">H\u00e9bergement et frais d\u2019h\u00f4tel avant, pendant et apr\u00e8s les jours de safari.<\/li><li class=\"p1\">Vols de compagnies a\u00e9riennes commerciales, visas, taxes d\u2019a\u00e9roport et articles de nature personnelle.<\/li><li class=\"p1\">Pourboires.<\/li><\/ul>\t\t\t\t\t\t\t\t<\/div>\n\t\t\t\t\t<\/div>\n\t\t\t\t<\/div>\n\t\t\t\t\t<\/div>\n\t\t\t\t<\/div>\n\t\t\t\t\t<\/div>\n\t\t\t\t<\/div>\n\t\t\t\t<\/div>\n\t\t","protected":false},"excerpt":{"rendered":"<p>Moyowosi South Moyowosi South est situ\u00e9 dans le nord-ouest de la Tanzanie et touche un immense Parc National d\u2019un million d\u2019hectares bordant la rivi\u00e8re Malagarasi, affluent principal du Lac Tanganyika. La zone de chasse de Moyowosi South fait 307 000 hectares. Le territoire se compose de plaines inond\u00e9es, de savane arbustive, de for\u00eats de miombo [&hellip;]<\/p>\n","protected":false},"author":1,"featured_media":0,"parent":0,"menu_order":0,"comment_status":"closed","ping_status":"closed","template":"elementor_header_footer","meta":{"footnotes":""},"class_list":["post-2754","page","type-page","status-publish","hentry"],"_links":{"self":[{"href":"https:\/\/www.ganam.com\/fr\/wp-json\/wp\/v2\/pages\/2754","targetHints":{"allow":["GET"]}}],"collection":[{"href":"https:\/\/www.ganam.com\/fr\/wp-json\/wp\/v2\/pages"}],"about":[{"href":"https:\/\/www.ganam.com\/fr\/wp-json\/wp\/v2\/types\/page"}],"author":[{"embeddable":true,"href":"https:\/\/www.ganam.com\/fr\/wp-json\/wp\/v2\/users\/1"}],"replies":[{"embeddable":true,"href":"https:\/\/www.ganam.com\/fr\/wp-json\/wp\/v2\/comments?post=2754"}],"version-history":[{"count":6,"href":"https:\/\/www.ganam.com\/fr\/wp-json\/wp\/v2\/pages\/2754\/revisions"}],"predecessor-version":[{"id":3121,"href":"https:\/\/www.ganam.com\/fr\/wp-json\/wp\/v2\/pages\/2754\/revisions\/3121"}],"wp:attachment":[{"href":"https:\/\/www.ganam.com\/fr\/wp-json\/wp\/v2\/media?parent=2754"}],"curies":[{"name":"wp","href":"https:\/\/api.w.org\/{rel}","templated":true}]}}