{"id":2673,"date":"2023-07-13T10:23:01","date_gmt":"2023-07-13T10:23:01","guid":{"rendered":"https:\/\/www.ganam.com\/community\/"},"modified":"2024-03-19T09:27:04","modified_gmt":"2024-03-19T09:27:04","slug":"communaute","status":"publish","type":"page","link":"https:\/\/www.ganam.com\/fr\/communaute\/","title":{"rendered":"Communaut\u00e9"},"content":{"rendered":"\t\t<div data-elementor-type=\"wp-page\" data-elementor-id=\"2673\" class=\"elementor elementor-2673 elementor-518\" data-elementor-post-type=\"page\">\n\t\t\t\t<div class=\"elementor-element elementor-element-5d3a1aa e-con-full e-flex e-con e-parent\" data-id=\"5d3a1aa\" data-element_type=\"container\" data-e-type=\"container\" data-settings=\"{&quot;background_background&quot;:&quot;classic&quot;}\">\n\t\t\t\t<div class=\"elementor-element elementor-element-3763e0f elementor-widget-divider--view-line elementor-widget elementor-widget-divider\" data-id=\"3763e0f\" data-element_type=\"widget\" data-e-type=\"widget\" data-widget_type=\"divider.default\">\n\t\t\t\t\t\t\t<div class=\"elementor-divider\">\n\t\t\t<span class=\"elementor-divider-separator\">\n\t\t\t\t\t\t<\/span>\n\t\t<\/div>\n\t\t\t\t\t\t<\/div>\n\t\t\t\t<\/div>\n\t\t<div class=\"elementor-element elementor-element-55b3bef e-flex e-con-boxed e-con e-parent\" data-id=\"55b3bef\" data-element_type=\"container\" data-e-type=\"container\">\n\t\t\t\t\t<div class=\"e-con-inner\">\n\t\t\t\t<div class=\"elementor-element elementor-element-3598a86 elementor-widget__width-initial elementor-widget-mobile__width-initial animated-slow elementor-invisible elementor-widget elementor-widget-heading\" data-id=\"3598a86\" data-element_type=\"widget\" data-e-type=\"widget\" data-settings=\"{&quot;_animation&quot;:&quot;fadeIn&quot;}\" data-widget_type=\"heading.default\">\n\t\t\t\t\t<h1 class=\"elementor-heading-title elementor-size-default\">L\u2019\u00e9ducation, base d\u2019un avenir plus brillant<\/h1>\t\t\t\t<\/div>\n\t\t\t\t\t<\/div>\n\t\t\t\t<\/div>\n\t\t<div class=\"elementor-element elementor-element-85d0264 e-flex e-con-boxed e-con e-parent\" data-id=\"85d0264\" data-element_type=\"container\" data-e-type=\"container\">\n\t\t\t\t\t<div class=\"e-con-inner\">\n\t\t<div class=\"elementor-element elementor-element-953e934 e-con-full e-flex e-con e-child\" data-id=\"953e934\" data-element_type=\"container\" data-e-type=\"container\">\n\t\t\t\t<div class=\"elementor-element elementor-element-b8cdade animated-slow elementor-invisible elementor-widget elementor-widget-image\" data-id=\"b8cdade\" data-element_type=\"widget\" data-e-type=\"widget\" data-settings=\"{&quot;_animation&quot;:&quot;fadeIn&quot;,&quot;_animation_delay&quot;:500}\" data-widget_type=\"image.default\">\n\t\t\t\t\t\t\t\t\t\t\t\t\t\t\t<img fetchpriority=\"high\" decoding=\"async\" width=\"800\" height=\"534\" src=\"https:\/\/www.ganam.com\/wp-content\/uploads\/2024\/03\/tanzania-school-education-ganam-1024x683.jpg\" class=\"attachment-large size-large wp-image-3252\" alt=\"\" srcset=\"https:\/\/www.ganam.com\/wp-content\/uploads\/2024\/03\/tanzania-school-education-ganam-1024x683.jpg.webp 1024w, https:\/\/www.ganam.com\/wp-content\/uploads\/2024\/03\/tanzania-school-education-ganam-300x200.jpg.webp 300w, https:\/\/www.ganam.com\/wp-content\/uploads\/2024\/03\/tanzania-school-education-ganam-768x512.jpg.webp 768w, https:\/\/www.ganam.com\/wp-content\/uploads\/2024\/03\/tanzania-school-education-ganam.jpg.webp 1500w\" sizes=\"(max-width: 800px) 100vw, 800px\" \/>\t\t\t\t\t\t\t\t\t\t\t\t\t\t\t<\/div>\n\t\t\t\t<\/div>\n\t\t<div class=\"elementor-element elementor-element-dacd9ba e-con-full animated-slow e-flex elementor-invisible e-con e-child\" data-id=\"dacd9ba\" data-element_type=\"container\" data-e-type=\"container\" data-settings=\"{&quot;background_background&quot;:&quot;classic&quot;,&quot;animation&quot;:&quot;fadeIn&quot;}\">\n\t\t\t\t<div class=\"elementor-element elementor-element-c0e5e69 elementor-widget__width-initial elementor-widget elementor-widget-image\" data-id=\"c0e5e69\" data-element_type=\"widget\" data-e-type=\"widget\" data-widget_type=\"image.default\">\n\t\t\t\t\t\t\t\t\t\t\t\t\t\t\t<img decoding=\"async\" width=\"800\" height=\"534\" src=\"https:\/\/www.ganam.com\/wp-content\/uploads\/2024\/03\/tanzania-community-education-ganam-1024x683.jpg\" class=\"attachment-large size-large wp-image-3249\" alt=\"\" srcset=\"https:\/\/www.ganam.com\/wp-content\/uploads\/2024\/03\/tanzania-community-education-ganam-1024x683.jpg.webp 1024w, https:\/\/www.ganam.com\/wp-content\/uploads\/2024\/03\/tanzania-community-education-ganam-300x200.jpg.webp 300w, https:\/\/www.ganam.com\/wp-content\/uploads\/2024\/03\/tanzania-community-education-ganam-768x513.jpg.webp 768w, https:\/\/www.ganam.com\/wp-content\/uploads\/2024\/03\/tanzania-community-education-ganam.jpg.webp 1500w\" sizes=\"(max-width: 800px) 100vw, 800px\" \/>\t\t\t\t\t\t\t\t\t\t\t\t\t\t\t<\/div>\n\t\t\t\t<\/div>\n\t\t\t\t\t<\/div>\n\t\t\t\t<\/div>\n\t\t<div class=\"elementor-element elementor-element-aabfb08 e-flex e-con-boxed e-con e-parent\" data-id=\"aabfb08\" data-element_type=\"container\" data-e-type=\"container\">\n\t\t\t\t\t<div class=\"e-con-inner\">\n\t\t<div class=\"elementor-element elementor-element-c82fb06 e-con-full e-flex e-con e-child\" data-id=\"c82fb06\" data-element_type=\"container\" data-e-type=\"container\">\n\t\t\t\t<div class=\"elementor-element elementor-element-a7847d8 elementor-widget__width-initial elementor-widget elementor-widget-text-editor\" data-id=\"a7847d8\" data-element_type=\"widget\" data-e-type=\"widget\" data-widget_type=\"text-editor.default\">\n\t\t\t\t\t\t\t\t\t<p class=\"p1\">Notre implication communautaire est rest\u00e9e sans \u00e9gale depuis des d\u00e9cennies que nous sommes en Tanzanie. Cr\u00e9ation d\u2019opportunit\u00e9s d\u2019emploi, d\u00e9veloppement d\u2019infrastructures ou encore formations \u00e0 l\u2019apprentissage,<span class=\"Apple-converted-space\">\u00a0<\/span><\/p>\t\t\t\t\t\t\t\t<\/div>\n\t\t\t\t<\/div>\n\t\t<div class=\"elementor-element elementor-element-bdfaba7 e-con-full e-flex e-con e-child\" data-id=\"bdfaba7\" data-element_type=\"container\" data-e-type=\"container\">\n\t\t\t\t<div class=\"elementor-element elementor-element-3bd71a7 elementor-widget__width-initial elementor-widget elementor-widget-text-editor\" data-id=\"3bd71a7\" data-element_type=\"widget\" data-e-type=\"widget\" data-widget_type=\"text-editor.default\">\n\t\t\t\t\t\t\t\t\t<p class=\"p1\">notre serment et notre engagement aupr\u00e8s des communaut\u00e9s locales qui entourent nos territoires n\u2019ont pas chang\u00e9 : contribuer \u00e0 la bonne sant\u00e9 des communaut\u00e9s locales qui sont si profond\u00e9ment impliqu\u00e9es dans nos activit\u00e9s.<\/p>\t\t\t\t\t\t\t\t<\/div>\n\t\t\t\t<\/div>\n\t\t<div class=\"elementor-element elementor-element-ecf1505 e-con-full e-flex e-con e-child\" data-id=\"ecf1505\" data-element_type=\"container\" data-e-type=\"container\">\n\t\t\t\t<div class=\"elementor-element elementor-element-1a0d3e0 elementor-widget__width-initial elementor-widget elementor-widget-text-editor\" data-id=\"1a0d3e0\" data-element_type=\"widget\" data-e-type=\"widget\" data-widget_type=\"text-editor.default\">\n\t\t\t\t\t\t\t\t\t<p class=\"p1\">Nous travaillons actuellement au d\u00e9veloppement d\u2019un programme de formation qui viendra enrichir la vie de certains individus d\u00e9sireux d\u2019entreprendre cette nouvelle aventure \u00e0 nos c\u00f4t\u00e9s.<span class=\"Apple-converted-space\">\u00a0<\/span><\/p>\t\t\t\t\t\t\t\t<\/div>\n\t\t\t\t<\/div>\n\t\t\t\t\t<\/div>\n\t\t\t\t<\/div>\n\t\t\t\t<\/div>\n\t\t","protected":false},"excerpt":{"rendered":"<p>L\u2019\u00e9ducation, base d\u2019un avenir plus brillant Notre implication communautaire est rest\u00e9e sans \u00e9gale depuis des d\u00e9cennies que nous sommes en Tanzanie. Cr\u00e9ation d\u2019opportunit\u00e9s d\u2019emploi, d\u00e9veloppement d\u2019infrastructures ou encore formations \u00e0 l\u2019apprentissage,\u00a0 notre serment et notre engagement aupr\u00e8s des communaut\u00e9s locales qui entourent nos territoires n\u2019ont pas chang\u00e9 : contribuer \u00e0 la bonne sant\u00e9 des communaut\u00e9s [&hellip;]<\/p>\n","protected":false},"author":1,"featured_media":0,"parent":0,"menu_order":0,"comment_status":"closed","ping_status":"closed","template":"elementor_header_footer","meta":{"footnotes":""},"class_list":["post-2673","page","type-page","status-publish","hentry"],"_links":{"self":[{"href":"https:\/\/www.ganam.com\/fr\/wp-json\/wp\/v2\/pages\/2673","targetHints":{"allow":["GET"]}}],"collection":[{"href":"https:\/\/www.ganam.com\/fr\/wp-json\/wp\/v2\/pages"}],"about":[{"href":"https:\/\/www.ganam.com\/fr\/wp-json\/wp\/v2\/types\/page"}],"author":[{"embeddable":true,"href":"https:\/\/www.ganam.com\/fr\/wp-json\/wp\/v2\/users\/1"}],"replies":[{"embeddable":true,"href":"https:\/\/www.ganam.com\/fr\/wp-json\/wp\/v2\/comments?post=2673"}],"version-history":[{"count":9,"href":"https:\/\/www.ganam.com\/fr\/wp-json\/wp\/v2\/pages\/2673\/revisions"}],"predecessor-version":[{"id":3267,"href":"https:\/\/www.ganam.com\/fr\/wp-json\/wp\/v2\/pages\/2673\/revisions\/3267"}],"wp:attachment":[{"href":"https:\/\/www.ganam.com\/fr\/wp-json\/wp\/v2\/media?parent=2673"}],"curies":[{"name":"wp","href":"https:\/\/api.w.org\/{rel}","templated":true}]}}