{"id":2576,"date":"2023-07-13T09:21:35","date_gmt":"2023-07-13T09:21:35","guid":{"rendered":"https:\/\/www.ganam.com\/ganam-in-our-remote-bush-camps-time-stands-still\/"},"modified":"2024-01-29T10:36:50","modified_gmt":"2024-01-29T10:36:50","slug":"ganam-safari","status":"publish","type":"page","link":"https:\/\/www.ganam.com\/fr\/ganam-safari\/","title":{"rendered":"Ganam"},"content":{"rendered":"\t\t<div data-elementor-type=\"wp-page\" data-elementor-id=\"2576\" class=\"elementor elementor-2576 elementor-464\" data-elementor-post-type=\"page\">\n\t\t\t\t<div class=\"elementor-element elementor-element-82b19d1 e-con-full e-flex e-con e-parent\" data-id=\"82b19d1\" data-element_type=\"container\" data-e-type=\"container\" data-settings=\"{&quot;background_background&quot;:&quot;video&quot;,&quot;background_video_link&quot;:&quot;https:\\\/\\\/www.ganam.com\\\/wp-content\\\/uploads\\\/2023\\\/12\\\/Corporate_30s_NoMusic_1.mp4&quot;,&quot;background_play_on_mobile&quot;:&quot;yes&quot;}\">\n\t\t<div class=\"elementor-background-video-container\">\n\t\t\t\t\t\t\t<video class=\"elementor-background-video-hosted\" role=\"presentation\" autoplay muted playsinline loop><\/video>\n\t\t\t\t\t<\/div><div class=\"elementor-element elementor-element-d1d0726 e-con-full e-flex e-con e-child\" data-id=\"d1d0726\" data-element_type=\"container\" data-e-type=\"container\">\n\t\t\t\t<div class=\"elementor-element elementor-element-a807ebf elementor-hidden-desktop elementor-hidden-tablet elementor-hidden-mobile elementor--h-position-center elementor--v-position-middle elementor-arrows-position-inside elementor-pagination-position-inside elementor-widget elementor-widget-slides\" data-id=\"a807ebf\" data-element_type=\"widget\" data-e-type=\"widget\" data-settings=\"{&quot;transition&quot;:&quot;fade&quot;,&quot;navigation&quot;:&quot;both&quot;,&quot;autoplay&quot;:&quot;yes&quot;,&quot;pause_on_hover&quot;:&quot;yes&quot;,&quot;pause_on_interaction&quot;:&quot;yes&quot;,&quot;autoplay_speed&quot;:5000,&quot;infinite&quot;:&quot;yes&quot;,&quot;transition_speed&quot;:500}\" data-widget_type=\"slides.default\">\n\t\t\t\t\t\t\t\t\t\t<div class=\"elementor-slides-wrapper elementor-main-swiper swiper\" role=\"region\" aria-roledescription=\"carousel\" aria-label=\"Diapositives\" dir=\"ltr\" data-animation=\"fadeInUp\">\n\t\t\t\t<div class=\"swiper-wrapper elementor-slides\">\n\t\t\t\t\t\t\t\t\t\t<div class=\"elementor-repeater-item-762ff41 swiper-slide\" role=\"group\" aria-roledescription=\"slide\"><div class=\"swiper-slide-bg\" role=\"img\" aria-label=\"jirafas-safaris-ganam\"><\/div><div class=\"swiper-slide-inner\" ><div class=\"swiper-slide-contents\"><\/div><\/div><\/div>\t\t\t\t<\/div>\n\t\t\t\t\t\t\t<\/div>\n\t\t\t\t\t\t\t\t<\/div>\n\t\t\t\t<\/div>\n\t\t\t\t<\/div>\n\t\t<div class=\"elementor-element elementor-element-8da31d7 e-flex e-con-boxed e-con e-parent\" data-id=\"8da31d7\" data-element_type=\"container\" data-e-type=\"container\">\n\t\t\t\t\t<div class=\"e-con-inner\">\n\t\t<div class=\"elementor-element elementor-element-8daa17c e-con-full e-flex e-con e-child\" data-id=\"8daa17c\" data-element_type=\"container\" data-e-type=\"container\">\n\t\t\t\t<div class=\"elementor-element elementor-element-3598a86 elementor-widget__width-initial elementor-widget-mobile__width-inherit animated-slow elementor-invisible elementor-widget elementor-widget-heading\" data-id=\"3598a86\" data-element_type=\"widget\" data-e-type=\"widget\" data-settings=\"{&quot;_animation&quot;:&quot;fadeIn&quot;}\" data-widget_type=\"heading.default\">\n\t\t\t\t\t<h1 class=\"elementor-heading-title elementor-size-default\">Dans nos camps recul\u00e9s, le temps s\u2019arr\u00eate\n<\/h1>\t\t\t\t<\/div>\n\t\t\t\t<\/div>\n\t\t\t\t\t<\/div>\n\t\t\t\t<\/div>\n\t\t<div class=\"elementor-element elementor-element-85d0264 e-flex e-con-boxed e-con e-parent\" data-id=\"85d0264\" data-element_type=\"container\" data-e-type=\"container\">\n\t\t\t\t\t<div class=\"e-con-inner\">\n\t\t<div class=\"elementor-element elementor-element-dacd9ba e-con-full animated-slow e-flex elementor-invisible e-con e-child\" data-id=\"dacd9ba\" data-element_type=\"container\" data-e-type=\"container\" data-settings=\"{&quot;background_background&quot;:&quot;classic&quot;,&quot;animation&quot;:&quot;fadeIn&quot;}\">\n\t\t\t\t<\/div>\n\t\t<div class=\"elementor-element elementor-element-953e934 e-con-full e-flex e-con e-child\" data-id=\"953e934\" data-element_type=\"container\" data-e-type=\"container\">\n\t\t\t\t<div class=\"elementor-element elementor-element-6f673a7 elementor-widget__width-initial elementor-widget elementor-widget-text-editor\" data-id=\"6f673a7\" data-element_type=\"widget\" data-e-type=\"widget\" data-widget_type=\"text-editor.default\">\n\t\t\t\t\t\t\t\t\t<p class=\"p1\">Inspir\u00e9 du nom d\u2019un pisteur tanzanien inoubliable et d\u00e9riv\u00e9 de sa signification sanskrit \u00ab\u00a0tous les \u00eatres vivants\u00a0\u00bb, GANAM a suivi une \u00e9volution incroyable depuis ses d\u00e9buts pour devenir l\u2019une des soci\u00e9t\u00e9s de chasse les plus singuli\u00e8res et les plus luxueuses de Tanzanie.<span class=\"Apple-converted-space\">\u00a0<\/span><\/p><p class=\"p1\">Dans ses camps, le temps s\u2019arr\u00eate. La vie ralentit et tout semble pur, brut et libre. Vivant sans murs dans le spectacle de la nature, nous d\u00e9couvrons des choses insoup\u00e7onn\u00e9es sur le monde et notre propre place en son sein.<\/p>\t\t\t\t\t\t\t\t<\/div>\n\t\t\t\t<\/div>\n\t\t\t\t\t<\/div>\n\t\t\t\t<\/div>\n\t\t<div class=\"elementor-element elementor-element-aabfb08 e-flex e-con-boxed e-con e-parent\" data-id=\"aabfb08\" data-element_type=\"container\" data-e-type=\"container\">\n\t\t\t\t\t<div class=\"e-con-inner\">\n\t\t<div class=\"elementor-element elementor-element-c82fb06 e-con-full e-flex e-con e-child\" data-id=\"c82fb06\" data-element_type=\"container\" data-e-type=\"container\">\n\t\t\t\t<div class=\"elementor-element elementor-element-a7847d8 elementor-widget__width-initial elementor-widget elementor-widget-text-editor\" data-id=\"a7847d8\" data-element_type=\"widget\" data-e-type=\"widget\" data-widget_type=\"text-editor.default\">\n\t\t\t\t\t\t\t\t\t<p class=\"p1\">Le sentiment de vivre ailleurs est ici puissant. Ces zones isol\u00e9es et totalement priv\u00e9es sont con\u00e7ues pour immerger nos h\u00f4tes dans la contemplation de paysages grandioses o\u00f9 \u00e9volue un grand nombre d\u2019esp\u00e8ces qui, lorsque nous avons la chance de les voir, nous laissent des souvenirs inoubliables.<\/p><p class=\"p1\">Chacun des territoires du portefeuille de GANAM illustre la beaut\u00e9 extraordinaire de la Tanzanie. Beaut\u00e9 puissante, infinie, vari\u00e9e.<span class=\"Apple-converted-space\">\u00a0<\/span><\/p>\t\t\t\t\t\t\t\t<\/div>\n\t\t\t\t<\/div>\n\t\t<div class=\"elementor-element elementor-element-c0db7d5 e-con-full animated-slow e-flex elementor-invisible e-con e-child\" data-id=\"c0db7d5\" data-element_type=\"container\" data-e-type=\"container\" data-settings=\"{&quot;background_background&quot;:&quot;classic&quot;,&quot;animation&quot;:&quot;fadeIn&quot;}\">\n\t\t\t\t<\/div>\n\t\t\t\t\t<\/div>\n\t\t\t\t<\/div>\n\t\t<div class=\"elementor-element elementor-element-66a3b5f e-flex e-con-boxed e-con e-parent\" data-id=\"66a3b5f\" data-element_type=\"container\" data-e-type=\"container\">\n\t\t\t\t\t<div class=\"e-con-inner\">\n\t\t<div class=\"elementor-element elementor-element-85b6937 e-con-full animated-slow e-flex elementor-invisible e-con e-child\" data-id=\"85b6937\" data-element_type=\"container\" data-e-type=\"container\" data-settings=\"{&quot;background_background&quot;:&quot;classic&quot;,&quot;animation&quot;:&quot;fadeIn&quot;}\">\n\t\t\t\t<\/div>\n\t\t<div class=\"elementor-element elementor-element-6ae3511 e-con-full e-flex e-con e-child\" data-id=\"6ae3511\" data-element_type=\"container\" data-e-type=\"container\">\n\t\t\t\t<div class=\"elementor-element elementor-element-6a28ad0 elementor-widget__width-initial elementor-widget elementor-widget-text-editor\" data-id=\"6a28ad0\" data-element_type=\"widget\" data-e-type=\"widget\" data-widget_type=\"text-editor.default\">\n\t\t\t\t\t\t\t\t\t<p class=\"p1\">Bordant un certain nombre de parcs nationaux de renomm\u00e9e mondiale, nos territoires ne manqueront pas de faire ressentir \u00e0 nos visiteurs des \u00e9motions in\u00e9dites et de leur faire vivre des aventures qui surpassent l\u2019imagination.<\/p><p class=\"p1\">Nous avons plus de 30 ans d\u2019exp\u00e9rience de terrain. Nous jouissons tous d\u2019une expertise reconnue, et nous attachons une importance particuli\u00e8re \u00e0 la qualit\u00e9 et au professionnalisme des \u00e9quipes dont nous choisissons de nous entourer.<\/p>\t\t\t\t\t\t\t\t<\/div>\n\t\t\t\t<\/div>\n\t\t\t\t\t<\/div>\n\t\t\t\t<\/div>\n\t\t\t\t<\/div>\n\t\t","protected":false},"excerpt":{"rendered":"<p>Dans nos camps recul\u00e9s, le temps s\u2019arr\u00eate Inspir\u00e9 du nom d\u2019un pisteur tanzanien inoubliable et d\u00e9riv\u00e9 de sa signification sanskrit \u00ab\u00a0tous les \u00eatres vivants\u00a0\u00bb, GANAM a suivi une \u00e9volution incroyable depuis ses d\u00e9buts pour devenir l\u2019une des soci\u00e9t\u00e9s de chasse les plus singuli\u00e8res et les plus luxueuses de Tanzanie. Dans ses camps, le temps s\u2019arr\u00eate. [&hellip;]<\/p>\n","protected":false},"author":1,"featured_media":0,"parent":0,"menu_order":0,"comment_status":"closed","ping_status":"closed","template":"elementor_header_footer","meta":{"footnotes":""},"class_list":["post-2576","page","type-page","status-publish","hentry"],"_links":{"self":[{"href":"https:\/\/www.ganam.com\/fr\/wp-json\/wp\/v2\/pages\/2576","targetHints":{"allow":["GET"]}}],"collection":[{"href":"https:\/\/www.ganam.com\/fr\/wp-json\/wp\/v2\/pages"}],"about":[{"href":"https:\/\/www.ganam.com\/fr\/wp-json\/wp\/v2\/types\/page"}],"author":[{"embeddable":true,"href":"https:\/\/www.ganam.com\/fr\/wp-json\/wp\/v2\/users\/1"}],"replies":[{"embeddable":true,"href":"https:\/\/www.ganam.com\/fr\/wp-json\/wp\/v2\/comments?post=2576"}],"version-history":[{"count":9,"href":"https:\/\/www.ganam.com\/fr\/wp-json\/wp\/v2\/pages\/2576\/revisions"}],"predecessor-version":[{"id":2687,"href":"https:\/\/www.ganam.com\/fr\/wp-json\/wp\/v2\/pages\/2576\/revisions\/2687"}],"wp:attachment":[{"href":"https:\/\/www.ganam.com\/fr\/wp-json\/wp\/v2\/media?parent=2576"}],"curies":[{"name":"wp","href":"https:\/\/api.w.org\/{rel}","templated":true}]}}