{"id":464,"date":"2023-07-13T09:21:35","date_gmt":"2023-07-13T09:21:35","guid":{"rendered":"https:\/\/www.ganam.com\/?page_id=464"},"modified":"2024-01-29T10:35:49","modified_gmt":"2024-01-29T10:35:49","slug":"ganam-safaris","status":"publish","type":"page","link":"https:\/\/www.ganam.com\/es\/ganam-safaris\/","title":{"rendered":"Ganam"},"content":{"rendered":"\t\t<div data-elementor-type=\"wp-page\" data-elementor-id=\"464\" class=\"elementor elementor-464\" data-elementor-post-type=\"page\">\n\t\t\t\t<div class=\"elementor-element elementor-element-82b19d1 e-con-full e-flex e-con e-parent\" data-id=\"82b19d1\" data-element_type=\"container\" data-e-type=\"container\" data-settings=\"{&quot;background_background&quot;:&quot;video&quot;,&quot;background_video_link&quot;:&quot;https:\\\/\\\/www.ganam.com\\\/wp-content\\\/uploads\\\/2023\\\/12\\\/Corporate_30s_NoMusic_1.mp4&quot;,&quot;background_play_on_mobile&quot;:&quot;yes&quot;}\">\n\t\t<div class=\"elementor-background-video-container\">\n\t\t\t\t\t\t\t<video class=\"elementor-background-video-hosted\" role=\"presentation\" autoplay muted playsinline loop><\/video>\n\t\t\t\t\t<\/div><div class=\"elementor-element elementor-element-d1d0726 e-con-full e-flex e-con e-child\" data-id=\"d1d0726\" data-element_type=\"container\" data-e-type=\"container\">\n\t\t\t\t<div class=\"elementor-element elementor-element-a807ebf elementor-hidden-desktop elementor-hidden-tablet elementor-hidden-mobile elementor--h-position-center elementor--v-position-middle elementor-arrows-position-inside elementor-pagination-position-inside elementor-widget elementor-widget-slides\" data-id=\"a807ebf\" data-element_type=\"widget\" data-e-type=\"widget\" data-settings=\"{&quot;transition&quot;:&quot;fade&quot;,&quot;navigation&quot;:&quot;both&quot;,&quot;autoplay&quot;:&quot;yes&quot;,&quot;pause_on_hover&quot;:&quot;yes&quot;,&quot;pause_on_interaction&quot;:&quot;yes&quot;,&quot;autoplay_speed&quot;:5000,&quot;infinite&quot;:&quot;yes&quot;,&quot;transition_speed&quot;:500}\" data-widget_type=\"slides.default\">\n\t\t\t\t\t\t\t\t\t\t<div class=\"elementor-slides-wrapper elementor-main-swiper swiper\" role=\"region\" aria-roledescription=\"carousel\" aria-label=\"Diapositivas\" dir=\"ltr\" data-animation=\"fadeInUp\">\n\t\t\t\t<div class=\"swiper-wrapper elementor-slides\">\n\t\t\t\t\t\t\t\t\t\t<div class=\"elementor-repeater-item-762ff41 swiper-slide\" role=\"group\" aria-roledescription=\"slide\"><div class=\"swiper-slide-bg\" role=\"img\" aria-label=\"jirafas-safaris-ganam\"><\/div><div class=\"swiper-slide-inner\" ><div class=\"swiper-slide-contents\"><\/div><\/div><\/div>\t\t\t\t<\/div>\n\t\t\t\t\t\t\t<\/div>\n\t\t\t\t\t\t\t\t<\/div>\n\t\t\t\t<\/div>\n\t\t\t\t<\/div>\n\t\t<div class=\"elementor-element elementor-element-8da31d7 e-flex e-con-boxed e-con e-parent\" data-id=\"8da31d7\" data-element_type=\"container\" data-e-type=\"container\">\n\t\t\t\t\t<div class=\"e-con-inner\">\n\t\t<div class=\"elementor-element elementor-element-8daa17c e-con-full e-flex e-con e-child\" data-id=\"8daa17c\" data-element_type=\"container\" data-e-type=\"container\">\n\t\t\t\t<div class=\"elementor-element elementor-element-3598a86 elementor-widget__width-initial elementor-widget-mobile__width-inherit animated-slow elementor-invisible elementor-widget elementor-widget-heading\" data-id=\"3598a86\" data-element_type=\"widget\" data-e-type=\"widget\" data-settings=\"{&quot;_animation&quot;:&quot;fadeIn&quot;}\" data-widget_type=\"heading.default\">\n\t\t\t\t\t<h1 class=\"elementor-heading-title elementor-size-default\">En nuestros campamentos remotos, el tiempo se detiene<\/h1>\t\t\t\t<\/div>\n\t\t\t\t<\/div>\n\t\t\t\t\t<\/div>\n\t\t\t\t<\/div>\n\t\t<div class=\"elementor-element elementor-element-85d0264 e-flex e-con-boxed e-con e-parent\" data-id=\"85d0264\" data-element_type=\"container\" data-e-type=\"container\">\n\t\t\t\t\t<div class=\"e-con-inner\">\n\t\t<div class=\"elementor-element elementor-element-dacd9ba e-con-full animated-slow e-flex elementor-invisible e-con e-child\" data-id=\"dacd9ba\" data-element_type=\"container\" data-e-type=\"container\" data-settings=\"{&quot;background_background&quot;:&quot;classic&quot;,&quot;animation&quot;:&quot;fadeIn&quot;}\">\n\t\t\t\t<\/div>\n\t\t<div class=\"elementor-element elementor-element-953e934 e-con-full e-flex e-con e-child\" data-id=\"953e934\" data-element_type=\"container\" data-e-type=\"container\">\n\t\t\t\t<div class=\"elementor-element elementor-element-6f673a7 elementor-widget__width-initial elementor-widget elementor-widget-text-editor\" data-id=\"6f673a7\" data-element_type=\"widget\" data-e-type=\"widget\" data-widget_type=\"text-editor.default\">\n\t\t\t\t\t\t\t\t\t<p class=\"p1\">Inspirada en un inolvidable rastreador tanzano y basada en su significado en s\u00e1nscrito de \u00abtodos los seres vivos\u00bb, Ganam ha experimentado una incre\u00edble evoluci\u00f3n hasta convertirse en una de las empresas de caza m\u00e1s exclusivas y lujosas de Tanzania.<\/p><p class=\"p1\">En nuestros campamentos remotos, el tiempo se detiene. La vida se ralentiza y todo se vuelve puro, natural y libre.<br \/>Viviendo sin l\u00edmites dentro del espect\u00e1culo que nos brinda la naturaleza, descubrimos nuevas cosas extraordinarias sobre el mundo y sobre el lugar que ocupamos dentro de \u00e9l.<\/p>\t\t\t\t\t\t\t\t<\/div>\n\t\t\t\t<\/div>\n\t\t\t\t\t<\/div>\n\t\t\t\t<\/div>\n\t\t<div class=\"elementor-element elementor-element-aabfb08 e-flex e-con-boxed e-con e-parent\" data-id=\"aabfb08\" data-element_type=\"container\" data-e-type=\"container\">\n\t\t\t\t\t<div class=\"e-con-inner\">\n\t\t<div class=\"elementor-element elementor-element-c82fb06 e-con-full e-flex e-con e-child\" data-id=\"c82fb06\" data-element_type=\"container\" data-e-type=\"container\">\n\t\t\t\t<div class=\"elementor-element elementor-element-a7847d8 elementor-widget__width-initial elementor-widget elementor-widget-text-editor\" data-id=\"a7847d8\" data-element_type=\"widget\" data-e-type=\"widget\" data-widget_type=\"text-editor.default\">\n\t\t\t\t\t\t\t\t\t<p class=\"p1\">La privacidad aqu\u00ed no tiene parang\u00f3n. Los aislados y escarpados terrenos envuelven a los viajeros con sus vastos paisajes, hogar de una gran variedad de fauna salvaje. Cuando seguimos las pistas de los animales y tenemos la suerte de localizarlos, su presencia siempre nos quita el aliento.<\/p><p class=\"p1\">Cada territorio incluido en la cartera de Ganam es un ejemplo de la amplia belleza de Tanzania. Potente, infinita, profunda y diversa.<span class=\"Apple-converted-space\">\u00a0<\/span><\/p>\t\t\t\t\t\t\t\t<\/div>\n\t\t\t\t<\/div>\n\t\t<div class=\"elementor-element elementor-element-c0db7d5 e-con-full animated-slow e-flex elementor-invisible e-con e-child\" data-id=\"c0db7d5\" data-element_type=\"container\" data-e-type=\"container\" data-settings=\"{&quot;background_background&quot;:&quot;classic&quot;,&quot;animation&quot;:&quot;fadeIn&quot;}\">\n\t\t\t\t<\/div>\n\t\t\t\t\t<\/div>\n\t\t\t\t<\/div>\n\t\t<div class=\"elementor-element elementor-element-66a3b5f e-flex e-con-boxed e-con e-parent\" data-id=\"66a3b5f\" data-element_type=\"container\" data-e-type=\"container\">\n\t\t\t\t\t<div class=\"e-con-inner\">\n\t\t<div class=\"elementor-element elementor-element-85b6937 e-con-full animated-slow e-flex elementor-invisible e-con e-child\" data-id=\"85b6937\" data-element_type=\"container\" data-e-type=\"container\" data-settings=\"{&quot;background_background&quot;:&quot;classic&quot;,&quot;animation&quot;:&quot;fadeIn&quot;}\">\n\t\t\t\t<\/div>\n\t\t<div class=\"elementor-element elementor-element-6ae3511 e-con-full e-flex e-con e-child\" data-id=\"6ae3511\" data-element_type=\"container\" data-e-type=\"container\">\n\t\t\t\t<div class=\"elementor-element elementor-element-6a28ad0 elementor-widget__width-initial elementor-widget elementor-widget-text-editor\" data-id=\"6a28ad0\" data-element_type=\"widget\" data-e-type=\"widget\" data-widget_type=\"text-editor.default\">\n\t\t\t\t\t\t\t\t\t<p class=\"p1\">Lindando con varios parques nacionales de renombre mundial, los territorios har\u00e1n que los viajeros sientan emociones que van m\u00e1s all\u00e1 de su comprensi\u00f3n y vivan aventuras que exceden su imaginaci\u00f3n.<\/p><p class=\"p1\">Contamos con m\u00e1s de 30 a\u00f1os de experiencia sobre el terreno en todo el continente africano. Poseemos una experiencia din\u00e1mica y creemos firmemente en la importancia de la calidad y la profesionalidad de los equipos que nos rodean.<\/p>\t\t\t\t\t\t\t\t<\/div>\n\t\t\t\t<\/div>\n\t\t\t\t\t<\/div>\n\t\t\t\t<\/div>\n\t\t\t\t<\/div>\n\t\t","protected":false},"excerpt":{"rendered":"<p>En nuestros campamentos remotos, el tiempo se detiene Inspirada en un inolvidable rastreador tanzano y basada en su significado en s\u00e1nscrito de \u00abtodos los seres vivos\u00bb, Ganam ha experimentado una incre\u00edble evoluci\u00f3n hasta convertirse en una de las empresas de caza m\u00e1s exclusivas y lujosas de Tanzania. En nuestros campamentos remotos, el tiempo se detiene. [&hellip;]<\/p>\n","protected":false},"author":1,"featured_media":0,"parent":0,"menu_order":0,"comment_status":"closed","ping_status":"closed","template":"elementor_header_footer","meta":{"footnotes":""},"class_list":["post-464","page","type-page","status-publish","hentry"],"_links":{"self":[{"href":"https:\/\/www.ganam.com\/es\/wp-json\/wp\/v2\/pages\/464","targetHints":{"allow":["GET"]}}],"collection":[{"href":"https:\/\/www.ganam.com\/es\/wp-json\/wp\/v2\/pages"}],"about":[{"href":"https:\/\/www.ganam.com\/es\/wp-json\/wp\/v2\/types\/page"}],"author":[{"embeddable":true,"href":"https:\/\/www.ganam.com\/es\/wp-json\/wp\/v2\/users\/1"}],"replies":[{"embeddable":true,"href":"https:\/\/www.ganam.com\/es\/wp-json\/wp\/v2\/comments?post=464"}],"version-history":[{"count":139,"href":"https:\/\/www.ganam.com\/es\/wp-json\/wp\/v2\/pages\/464\/revisions"}],"predecessor-version":[{"id":2688,"href":"https:\/\/www.ganam.com\/es\/wp-json\/wp\/v2\/pages\/464\/revisions\/2688"}],"wp:attachment":[{"href":"https:\/\/www.ganam.com\/es\/wp-json\/wp\/v2\/media?parent=464"}],"curies":[{"name":"wp","href":"https:\/\/api.w.org\/{rel}","templated":true}]}}