{"id":356,"date":"2023-07-12T14:06:31","date_gmt":"2023-07-12T14:06:31","guid":{"rendered":"https:\/\/www.ganam.com\/?page_id=356"},"modified":"2024-01-30T11:40:08","modified_gmt":"2024-01-30T11:40:08","slug":"kizigo-west-kizigo-central","status":"publish","type":"page","link":"https:\/\/www.ganam.com\/es\/kizigo-west-kizigo-central\/","title":{"rendered":"Kizigo West &#038; Kizigo Central"},"content":{"rendered":"\t\t<div data-elementor-type=\"wp-page\" data-elementor-id=\"356\" class=\"elementor elementor-356\" data-elementor-post-type=\"page\">\n\t\t\t\t<div class=\"elementor-element elementor-element-f8aac90 e-con-full e-flex e-con e-parent\" data-id=\"f8aac90\" data-element_type=\"container\" data-e-type=\"container\" data-settings=\"{&quot;background_background&quot;:&quot;video&quot;,&quot;background_video_link&quot;:&quot;https:\\\/\\\/www.ganam.com\\\/wp-content\\\/uploads\\\/2023\\\/12\\\/Kizigo_20s_NoMusic_1.mp4&quot;,&quot;background_play_on_mobile&quot;:&quot;yes&quot;}\">\n\t\t<div class=\"elementor-background-video-container\">\n\t\t\t\t\t\t\t<video class=\"elementor-background-video-hosted\" role=\"presentation\" autoplay muted playsinline loop><\/video>\n\t\t\t\t\t<\/div>\t\t<div class=\"elementor-element elementor-element-30a5809 elementor-widget-divider--view-line elementor-widget elementor-widget-divider\" data-id=\"30a5809\" data-element_type=\"widget\" data-e-type=\"widget\" data-widget_type=\"divider.default\">\n\t\t\t\t\t\t\t<div class=\"elementor-divider\">\n\t\t\t<span class=\"elementor-divider-separator\">\n\t\t\t\t\t\t<\/span>\n\t\t<\/div>\n\t\t\t\t\t\t<\/div>\n\t\t\t\t<\/div>\n\t\t<div class=\"elementor-element elementor-element-092b72d e-flex e-con-boxed e-con e-parent\" data-id=\"092b72d\" data-element_type=\"container\" data-e-type=\"container\">\n\t\t\t\t\t<div class=\"e-con-inner\">\n\t\t<div class=\"elementor-element elementor-element-56da1cc e-con-full e-flex e-con e-child\" data-id=\"56da1cc\" data-element_type=\"container\" data-e-type=\"container\">\n\t\t\t\t<div class=\"elementor-element elementor-element-44b47dc elementor-widget__width-initial animated-slow elementor-invisible elementor-widget elementor-widget-heading\" data-id=\"44b47dc\" data-element_type=\"widget\" data-e-type=\"widget\" data-settings=\"{&quot;_animation&quot;:&quot;fadeIn&quot;}\" data-widget_type=\"heading.default\">\n\t\t\t\t\t<h1 class=\"elementor-heading-title elementor-size-default\">Kizigo West &amp; Kizigo Central \n<\/h1>\t\t\t\t<\/div>\n\t\t\t\t<\/div>\n\t\t\t\t\t<\/div>\n\t\t\t\t<\/div>\n\t\t<div class=\"elementor-element elementor-element-1722349 e-flex e-con-boxed e-con e-parent\" data-id=\"1722349\" data-element_type=\"container\" data-e-type=\"container\">\n\t\t\t\t\t<div class=\"e-con-inner\">\n\t\t<div class=\"elementor-element elementor-element-59f3a00 e-flex e-con-boxed e-con e-child\" data-id=\"59f3a00\" data-element_type=\"container\" data-e-type=\"container\">\n\t\t\t\t\t<div class=\"e-con-inner\">\n\t\t<div class=\"elementor-element elementor-element-fd22659 e-con-full e-flex e-con e-child\" data-id=\"fd22659\" data-element_type=\"container\" data-e-type=\"container\">\n\t\t\t\t<div class=\"elementor-element elementor-element-a0ac7e3 elementor-widget__width-initial animated-slow elementor-invisible elementor-widget elementor-widget-text-editor\" data-id=\"a0ac7e3\" data-element_type=\"widget\" data-e-type=\"widget\" data-settings=\"{&quot;_animation&quot;:&quot;fadeIn&quot;,&quot;_animation_delay&quot;:200}\" data-widget_type=\"text-editor.default\">\n\t\t\t\t\t\t\t\t\t<p class=\"p1\">Kizigo West &amp; Kizigo Central, con un total de 270.000 ha, son unas de las zonas de caza m\u00e1s famosas de Tanzania especialmente conocidas por su excepcional calidad de trofeos de leones, leopardos y b\u00fafalos.<span class=\"Apple-converted-space\">\u00a0<\/span><\/p><p class=\"p1\">Este ecosistema remoto y salvaje consta de m\u00e1s de 3 millones de hect\u00e1reas y est\u00e1 naturalmente protegido entre dos grandes reservas de caza: Rungwa y Muhesi.<span class=\"Apple-converted-space\">\u00a0<\/span><\/p>\t\t\t\t\t\t\t\t<\/div>\n\t\t\t\t<div class=\"elementor-element elementor-element-67b91b0 elementor-widget__width-initial animated-slow elementor-invisible elementor-widget elementor-widget-text-editor\" data-id=\"67b91b0\" data-element_type=\"widget\" data-e-type=\"widget\" data-settings=\"{&quot;_animation&quot;:&quot;fadeIn&quot;,&quot;_animation_delay&quot;:200}\" data-widget_type=\"text-editor.default\">\n\t\t\t\t\t\t\t\t\t<p class=\"p1\">Sus principales caracter\u00edsticas son los densos bosques de miombo intercalados con llanuras abiertas, as\u00ed como afloramientos rocosos, pozos de agua dispersos, manantiales y valles fluviales. La principal fauna que podemos encontrar son leones, leopardos, b\u00fafalos, sables, ruanos, ant\u00edlopes elan, kud\u00fas mayores y ant\u00edlopes de Liechtenstein. Tambi\u00e9n hay una presencia significativa de los preciados kud\u00fas menores.<\/p>\t\t\t\t\t\t\t\t<\/div>\n\t\t\t\t<div class=\"elementor-element elementor-element-b8d2f5d elementor-widget__width-inherit elementor-widget elementor-widget-heading\" data-id=\"b8d2f5d\" data-element_type=\"widget\" data-e-type=\"widget\" data-widget_type=\"heading.default\">\n\t\t\t\t\t<h1 class=\"elementor-heading-title elementor-size-default\">Paquete de 10 d\u00edas en Tanzania<\/h1>\t\t\t\t<\/div>\n\t\t\t\t<\/div>\n\t\t\t\t\t<\/div>\n\t\t\t\t<\/div>\n\t\t\t\t\t<\/div>\n\t\t\t\t<\/div>\n\t\t<div class=\"elementor-element elementor-element-d746357 e-flex e-con-boxed e-con e-parent\" data-id=\"d746357\" data-element_type=\"container\" data-e-type=\"container\" data-settings=\"{&quot;background_background&quot;:&quot;classic&quot;}\">\n\t\t\t\t\t<div class=\"e-con-inner\">\n\t\t<div class=\"elementor-element elementor-element-3d8b79a e-flex e-con-boxed e-con e-child\" data-id=\"3d8b79a\" data-element_type=\"container\" data-e-type=\"container\" data-settings=\"{&quot;background_background&quot;:&quot;classic&quot;}\">\n\t\t\t\t\t<div class=\"e-con-inner\">\n\t\t\t\t<div class=\"elementor-element elementor-element-6ac556c elementor-widget__width-initial elementor-widget elementor-widget-text-editor\" data-id=\"6ac556c\" data-element_type=\"widget\" data-e-type=\"widget\" data-widget_type=\"text-editor.default\">\n\t\t\t\t\t\t\t\t\t<p class=\"p1\">PRECIO<\/p><p class=\"p1\">8.900\u20ac<\/p><p class=\"p1\">Tambi\u00e9n ofrecemos safaris a medida bajo petici\u00f3n.<\/p><p class=\"p1\">ITINERARIO<span class=\"Apple-converted-space\">\u00a0<\/span><\/p><p class=\"p1\">D\u00cdA 1<br \/>Llegada del vuelo internacional al aeropuerto de Kilimanjaro.<span class=\"Apple-converted-space\">\u00a0<\/span><span style=\"color: var( --e-global-color-c0fc08b ); background-color: var( --e-global-color-0a5b81b );\">Recepci\u00f3n y traslado al hotel.<\/span><span class=\"Apple-converted-space\" style=\"color: var( --e-global-color-c0fc08b ); background-color: var( --e-global-color-0a5b81b );\">\u00a0<\/span><\/p><p class=\"p1\">D\u00cdA 2<br \/>Traslado en avi\u00f3n ch\u00e1rter privado por la ma\u00f1ana a Kizigo.<\/p><p class=\"p1\">D\u00cdAS 3 A 13<br \/>10 d\u00edas completos todo incluido.<span class=\"Apple-converted-space\">\u00a0<\/span><\/p><p class=\"p1\">D\u00cdA 14<br \/><span style=\"color: var( --e-global-color-c0fc08b ); background-color: var( --e-global-color-0a5b81b );\">Traslado en avi\u00f3n ch\u00e1rter privado por la ma\u00f1ana a Kizigo; encuentro y comida.<\/span><span class=\"Apple-converted-space\" style=\"color: var( --e-global-color-c0fc08b ); background-color: var( --e-global-color-0a5b81b );\">\u00a0<\/span><span style=\"color: var( --e-global-color-c0fc08b ); background-color: var( --e-global-color-0a5b81b );\">Salida del vuelo internacional por la tarde.<\/span><\/p><p class=\"p1\">TEMPORADA<br \/><span style=\"color: var( --e-global-color-c0fc08b ); background-color: var( --e-global-color-0a5b81b );\">Del 15 de junio a noviembre.<\/span><\/p><p class=\"p1\">ALOJAMIENTO<\/p><p class=\"p1\">Tiendas de campa\u00f1a de lujo al estilo africano equipadas con ba\u00f1o, ducha y aseo.<span class=\"Apple-converted-space\">\u00a0<\/span><span style=\"color: var( --e-global-color-c0fc08b ); background-color: var( --e-global-color-0a5b81b );\">Cocina internacional basada en la carne de caza, buenas cenas y lujosos picnics.<\/span><\/p>\t\t\t\t\t\t\t\t<\/div>\n\t\t\t\t\t<\/div>\n\t\t\t\t<\/div>\n\t\t<div class=\"elementor-element elementor-element-03c7eb7 e-flex e-con-boxed e-con e-child\" data-id=\"03c7eb7\" data-element_type=\"container\" data-e-type=\"container\" data-settings=\"{&quot;background_background&quot;:&quot;classic&quot;}\">\n\t\t\t\t\t<div class=\"e-con-inner\">\n\t\t\t\t<div class=\"elementor-element elementor-element-c2ecc4e elementor-widget__width-initial elementor-widget elementor-widget-text-editor\" data-id=\"c2ecc4e\" data-element_type=\"widget\" data-e-type=\"widget\" data-widget_type=\"text-editor.default\">\n\t\t\t\t\t\t\t\t\t<p class=\"p1\">LAS TARIFAS INCLUYEN<\/p>\n\n<ul>\n \t<li class=\"p2\"> Los servicios de un equipo completo con gu\u00edas, rastreadores, cocineros, mayordomos y los ayudantes necesarios.<\/li>\n \t<li class=\"p1\"> Campamento totalmente equipado y con WIFI. <\/li>\n \t<li class=\"p1\"> Suministro de un botiqu\u00edn m\u00e9dico.  <\/li>\n \t<li class=\"p1\"> Suministro de alimentos selectos, frutas y verduras frescas, as\u00ed como alimentos en conserva de la m\u00e1s alta calidad disponible.  <\/li>\n \t<li class=\"p1\">Suministro de refrescos, agua mineral y todas las bebidas alcoh\u00f3licas para un consumo razonable.\n<\/li>\n \t<li class=\"p1\">Supply of soft drinks, mineral water, and all alcoholic beverages to reasonable consumption.<\/li>\n \t<li class=\"p1\"><span class=\"s3\">  Transporte: un moderno veh\u00edculo de safari 4 x 4 por gu\u00eda y los transportes de carga necesarios para el equipo, las provisiones y el personal. <\/span><\/li>\n \t<li class=\"p1\">Un representante de la empresa para asistirle a la llegada y a la salida.\n<\/li>\n<\/ul>\n<p class=\"p1\">LAS TARIFAS NO INCLUYEN\n<\/p>\n\n<ul>\n \t<li class=\"p1\">Alojamiento en hoteles y gastos antes, durante y despu\u00e9s de los d\u00edas de safari.\n<\/li>\n \t<li class=\"p1\">Vuelos de aerol\u00edneas comerciales, visados, tasas de aeropuerto y art\u00edculos de car\u00e1cter personal.\n<\/li>\n \t<li class=\"p1\"> Propinas al personal y al gu\u00eda del safari. <\/li>\n \t<li class=\"p1\"> El coste del transporte del equipo y del personal a lugares m\u00e1s all\u00e1 de nuestras concesiones para fines espec\u00edficos seg\u00fan se solicite, es decir, expediciones de safari fotogr\u00e1fico. <\/li>\n<\/ul>\t\t\t\t\t\t\t\t<\/div>\n\t\t\t\t\t<\/div>\n\t\t\t\t<\/div>\n\t\t\t\t\t<\/div>\n\t\t\t\t<\/div>\n\t\t\t\t<\/div>\n\t\t","protected":false},"excerpt":{"rendered":"<p>Kizigo West &amp; Kizigo Central Kizigo West &amp; Kizigo Central, con un total de 270.000 ha, son unas de las zonas de caza m\u00e1s famosas de Tanzania especialmente conocidas por su excepcional calidad de trofeos de leones, leopardos y b\u00fafalos. Este ecosistema remoto y salvaje consta de m\u00e1s de 3 millones de hect\u00e1reas y est\u00e1 [&hellip;]<\/p>\n","protected":false},"author":1,"featured_media":0,"parent":0,"menu_order":0,"comment_status":"closed","ping_status":"closed","template":"elementor_header_footer","meta":{"footnotes":""},"class_list":["post-356","page","type-page","status-publish","hentry"],"_links":{"self":[{"href":"https:\/\/www.ganam.com\/es\/wp-json\/wp\/v2\/pages\/356","targetHints":{"allow":["GET"]}}],"collection":[{"href":"https:\/\/www.ganam.com\/es\/wp-json\/wp\/v2\/pages"}],"about":[{"href":"https:\/\/www.ganam.com\/es\/wp-json\/wp\/v2\/types\/page"}],"author":[{"embeddable":true,"href":"https:\/\/www.ganam.com\/es\/wp-json\/wp\/v2\/users\/1"}],"replies":[{"embeddable":true,"href":"https:\/\/www.ganam.com\/es\/wp-json\/wp\/v2\/comments?post=356"}],"version-history":[{"count":168,"href":"https:\/\/www.ganam.com\/es\/wp-json\/wp\/v2\/pages\/356\/revisions"}],"predecessor-version":[{"id":2798,"href":"https:\/\/www.ganam.com\/es\/wp-json\/wp\/v2\/pages\/356\/revisions\/2798"}],"wp:attachment":[{"href":"https:\/\/www.ganam.com\/es\/wp-json\/wp\/v2\/media?parent=356"}],"curies":[{"name":"wp","href":"https:\/\/api.w.org\/{rel}","templated":true}]}}