{"id":285,"date":"2023-07-12T10:07:27","date_gmt":"2023-07-12T10:07:27","guid":{"rendered":"https:\/\/www.ganam.com\/?page_id=285"},"modified":"2024-02-01T17:42:48","modified_gmt":"2024-02-01T17:42:48","slug":"tanzania","status":"publish","type":"page","link":"https:\/\/www.ganam.com\/es\/tanzania\/","title":{"rendered":"Tanzania"},"content":{"rendered":"\t\t<div data-elementor-type=\"wp-page\" data-elementor-id=\"285\" class=\"elementor elementor-285\" data-elementor-post-type=\"page\">\n\t\t\t\t<div class=\"elementor-element elementor-element-6b13737 e-con-full e-flex e-con e-parent\" data-id=\"6b13737\" data-element_type=\"container\" data-e-type=\"container\" data-settings=\"{&quot;background_background&quot;:&quot;classic&quot;}\">\n\t\t\t\t<div class=\"elementor-element elementor-element-6ed1825 elementor-widget-divider--view-line elementor-widget elementor-widget-divider\" data-id=\"6ed1825\" data-element_type=\"widget\" data-e-type=\"widget\" data-widget_type=\"divider.default\">\n\t\t\t\t\t\t\t<div class=\"elementor-divider\">\n\t\t\t<span class=\"elementor-divider-separator\">\n\t\t\t\t\t\t<\/span>\n\t\t<\/div>\n\t\t\t\t\t\t<\/div>\n\t\t\t\t<\/div>\n\t\t<div class=\"elementor-element elementor-element-4118ce0 e-flex e-con-boxed e-con e-parent\" data-id=\"4118ce0\" data-element_type=\"container\" data-e-type=\"container\">\n\t\t\t\t\t<div class=\"e-con-inner\">\n\t\t\t\t<div class=\"elementor-element elementor-element-2cb29ca elementor-widget__width-initial animated-slow elementor-invisible elementor-widget elementor-widget-heading\" data-id=\"2cb29ca\" data-element_type=\"widget\" data-e-type=\"widget\" data-settings=\"{&quot;_animation&quot;:&quot;fadeIn&quot;}\" data-widget_type=\"heading.default\">\n\t\t\t\t\t<h1 class=\"elementor-heading-title elementor-size-default\">Tanzania, de lo que est\u00e1n hechos los sue\u00f1os<\/h1>\t\t\t\t<\/div>\n\t\t\t\t\t<\/div>\n\t\t\t\t<\/div>\n\t\t<div class=\"elementor-element elementor-element-4eac1eb e-flex e-con-boxed e-con e-parent\" data-id=\"4eac1eb\" data-element_type=\"container\" data-e-type=\"container\">\n\t\t\t\t\t<div class=\"e-con-inner\">\n\t\t<div class=\"elementor-element elementor-element-34d8959 e-con-full e-flex e-con e-child\" data-id=\"34d8959\" data-element_type=\"container\" data-e-type=\"container\">\n\t\t\t\t<div class=\"elementor-element elementor-element-d892b58 elementor-widget__width-initial animated-slow elementor-invisible elementor-widget elementor-widget-text-editor\" data-id=\"d892b58\" data-element_type=\"widget\" data-e-type=\"widget\" data-settings=\"{&quot;_animation&quot;:&quot;fadeIn&quot;,&quot;_animation_delay&quot;:200}\" data-widget_type=\"text-editor.default\">\n\t\t\t\t\t\t\t\t\t<p class=\"p1\">Los territorios que aqu\u00ed presentamos son ideales para los grandes sue\u00f1os, las experiencias inolvidables y la libertad de los vastos espacios.<span class=\"Apple-converted-space\">\u00a0<\/span><\/p>\t\t\t\t\t\t\t\t<\/div>\n\t\t\t\t<div class=\"elementor-element elementor-element-e0b7e18 elementor-widget__width-initial animated-slow elementor-invisible elementor-widget elementor-widget-text-editor\" data-id=\"e0b7e18\" data-element_type=\"widget\" data-e-type=\"widget\" data-settings=\"{&quot;_animation&quot;:&quot;fadeIn&quot;,&quot;_animation_delay&quot;:200}\" data-widget_type=\"text-editor.default\">\n\t\t\t\t\t\t\t\t\t<p class=\"p1\">Nuestros territorios -que suman casi 650.000 hect\u00e1reas- ofrecen una extraordinaria variedad de biotopos y paisajes, con una diversidad de especies que tiene pocos equivalentes en todo el planeta.<span class=\"Apple-converted-space\">&nbsp;<br><\/span><span style=\"color: var( --e-global-color-c0fc08b );\">Visitar estas tierras es explorar la m\u00e1s pura y sublime manifestaci\u00f3n del mundo salvaje.<\/span><\/p>\t\t\t\t\t\t\t\t<\/div>\n\t\t\t\t<\/div>\n\t\t\t\t\t<\/div>\n\t\t\t\t<\/div>\n\t\t\t\t<\/div>\n\t\t","protected":false},"excerpt":{"rendered":"<p>Tanzania, de lo que est\u00e1n hechos los sue\u00f1os Los territorios que aqu\u00ed presentamos son ideales para los grandes sue\u00f1os, las experiencias inolvidables y la libertad de los vastos espacios. Nuestros territorios -que suman casi 650.000 hect\u00e1reas- ofrecen una extraordinaria variedad de biotopos y paisajes, con una diversidad de especies que tiene pocos equivalentes en todo [&hellip;]<\/p>\n","protected":false},"author":1,"featured_media":0,"parent":0,"menu_order":0,"comment_status":"closed","ping_status":"closed","template":"elementor_header_footer","meta":{"footnotes":""},"class_list":["post-285","page","type-page","status-publish","hentry"],"_links":{"self":[{"href":"https:\/\/www.ganam.com\/es\/wp-json\/wp\/v2\/pages\/285","targetHints":{"allow":["GET"]}}],"collection":[{"href":"https:\/\/www.ganam.com\/es\/wp-json\/wp\/v2\/pages"}],"about":[{"href":"https:\/\/www.ganam.com\/es\/wp-json\/wp\/v2\/types\/page"}],"author":[{"embeddable":true,"href":"https:\/\/www.ganam.com\/es\/wp-json\/wp\/v2\/users\/1"}],"replies":[{"embeddable":true,"href":"https:\/\/www.ganam.com\/es\/wp-json\/wp\/v2\/comments?post=285"}],"version-history":[{"count":175,"href":"https:\/\/www.ganam.com\/es\/wp-json\/wp\/v2\/pages\/285\/revisions"}],"predecessor-version":[{"id":3116,"href":"https:\/\/www.ganam.com\/es\/wp-json\/wp\/v2\/pages\/285\/revisions\/3116"}],"wp:attachment":[{"href":"https:\/\/www.ganam.com\/es\/wp-json\/wp\/v2\/media?parent=285"}],"curies":[{"name":"wp","href":"https:\/\/api.w.org\/{rel}","templated":true}]}}